{"id":90,"date":"2024-04-03T09:04:44","date_gmt":"2024-04-03T07:04:44","guid":{"rendered":"https:\/\/gasthof-gruber.de\/Gruber24\/?page_id=90"},"modified":"2024-09-16T10:28:05","modified_gmt":"2024-09-16T08:28:05","slug":"busreisen","status":"publish","type":"page","link":"https:\/\/gasthof-gruber.de\/Gruber24\/busreisen\/","title":{"rendered":"Busreisen"},"content":{"rendered":"\n<p>Bei uns im Gasthaus sind Busreisende immer herzlich Willkommen!<\/p>\n\n\n\n<p>Ob als Zwischenstopp f\u00fcr eine kulinarische St\u00e4rkung oder als Ausgangspunkt f\u00fcr weitere Erkundungen nebst \u00dcbernachtung. Unser Haus ist immer einen Halt wert.<\/p>\n\n\n\n<p>Gerne stellen wir Ihnen Ihr ma\u00dfgeschneidertes Angebot zusammen. <\/p>\n\n\n\n<div style=\"height:50px\" aria-hidden=\"true\" class=\"wp-block-spacer\"><\/div>\n\n\n\n<div class=\"wpcf7 no-js\" id=\"wpcf7-f146-o1\" lang=\"de-DE\" dir=\"ltr\" data-wpcf7-id=\"146\">\n<div class=\"screen-reader-response\"><p role=\"status\" aria-live=\"polite\" aria-atomic=\"true\"><\/p> <ul><\/ul><\/div>\n<form action=\"\/Gruber24\/wp-json\/wp\/v2\/pages\/90#wpcf7-f146-o1\" method=\"post\" class=\"wpcf7-form init\" aria-label=\"Kontaktformular\" novalidate=\"novalidate\" data-status=\"init\">\n<fieldset class=\"hidden-fields-container\"><input type=\"hidden\" name=\"_wpcf7\" value=\"146\" \/><input type=\"hidden\" name=\"_wpcf7_version\" value=\"6.1.5\" \/><input type=\"hidden\" name=\"_wpcf7_locale\" value=\"de_DE\" \/><input type=\"hidden\" name=\"_wpcf7_unit_tag\" value=\"wpcf7-f146-o1\" \/><input type=\"hidden\" name=\"_wpcf7_container_post\" value=\"0\" \/><input type=\"hidden\" name=\"_wpcf7_posted_data_hash\" value=\"\" \/><input type=\"hidden\" name=\"_wpcf7_recaptcha_response\" value=\"\" \/>\n<\/fieldset>\n<p><label> Dein Name (Pflichfeld)<br \/>\n<span class=\"wpcf7-form-control-wrap\" data-name=\"Name\"><input size=\"40\" maxlength=\"400\" class=\"wpcf7-form-control wpcf7-text wpcf7-validates-as-required\" aria-required=\"true\" aria-invalid=\"false\" value=\"\" type=\"text\" name=\"Name\" \/><\/span><\/label>\n<\/p>\n<p><label> Deine E-Mail-Adresse (Pflichtfeld)<br \/>\n<span class=\"wpcf7-form-control-wrap\" data-name=\"E-Mail\"><input size=\"40\" maxlength=\"400\" class=\"wpcf7-form-control wpcf7-email wpcf7-validates-as-required wpcf7-text wpcf7-validates-as-email\" aria-required=\"true\" aria-invalid=\"false\" value=\"\" type=\"email\" name=\"E-Mail\" \/><\/span><\/label>\n<\/p>\n<p><label> Anfrage<br \/>\n<span class=\"wpcf7-form-control-wrap\" data-name=\"Anmerkung\"><textarea cols=\"40\" rows=\"10\" maxlength=\"2000\" class=\"wpcf7-form-control wpcf7-textarea wpcf7-validates-as-required\" aria-required=\"true\" aria-invalid=\"false\" name=\"Anmerkung\"><\/textarea><\/span> <\/label>\n<\/p>\n<p><span class=\"wpcf7-form-control-wrap\" data-name=\"checkbox-193\"><span class=\"wpcf7-form-control wpcf7-checkbox wpcf7-validates-as-required\"><span class=\"wpcf7-list-item first last\"><input type=\"checkbox\" name=\"checkbox-193[]\" value=\"Mit der Nutzung dieses Formulars erkl\u00e4ren Sie sich mit der Speicherung ihrer Daten gem\u00e4\u00df unserer Datenschutzerkl\u00e4rung einverstanden.\" \/><span class=\"wpcf7-list-item-label\">Mit der Nutzung dieses Formulars erkl\u00e4ren Sie sich mit der Speicherung ihrer Daten gem\u00e4\u00df unserer Datenschutzerkl\u00e4rung einverstanden.<\/span><\/span><\/span><\/span>\n<\/p>\n<span class=\"wpcf7-form-control-wrap recaptcha\" data-name=\"recaptcha\"><span data-sitekey=\"6Lez2a0pAAAAALpNv8XSdO9l-AKcQGtk7jWwOq37\" class=\"wpcf7-form-control wpcf7-recaptcha g-recaptcha\"><\/span>\r\n<noscript>\r\n\t<div class=\"grecaptcha-noscript\">\r\n\t\t<iframe loading=\"lazy\" src=\"https:\/\/www.google.com\/recaptcha\/api\/fallback?k=6Lez2a0pAAAAALpNv8XSdO9l-AKcQGtk7jWwOq37\" frameborder=\"0\" scrolling=\"no\" width=\"310\" height=\"430\">\r\n\t\t<\/iframe>\r\n\t\t<textarea name=\"g-recaptcha-response\" rows=\"3\" cols=\"40\" placeholder=\"reCaptcha Response Here\">\r\n\t\t<\/textarea>\r\n\t<\/div>\r\n<\/noscript>\r\n<\/span>\n<p><br \/>\n<input class=\"wpcf7-form-control wpcf7-submit has-spinner\" type=\"submit\" value=\"Senden\" \/>\n<\/p><p style=\"display: none !important;\" class=\"akismet-fields-container\" data-prefix=\"_wpcf7_ak_\"><label>&#916;<textarea name=\"_wpcf7_ak_hp_textarea\" cols=\"45\" rows=\"8\" maxlength=\"100\"><\/textarea><\/label><input type=\"hidden\" id=\"ak_js_1\" name=\"_wpcf7_ak_js\" value=\"43\"\/><script>\ndocument.getElementById( \"ak_js_1\" ).setAttribute( \"value\", ( new Date() ).getTime() );\n<\/script>\n<\/p><div class=\"wpcf7-response-output\" aria-hidden=\"true\"><\/div>\n<\/form>\n<\/div>\n\n","protected":false},"excerpt":{"rendered":"<p>Bei uns im Gasthaus sind Busreisende immer herzlich Willkommen! Ob als Zwischenstopp f\u00fcr eine kulinarische St\u00e4rkung oder als Ausgangspunkt f\u00fcr weitere Erkundungen nebst \u00dcbernachtung. Unser Haus ist immer einen Halt wert. Gerne stellen wir Ihnen Ihr ma\u00dfgeschneidertes Angebot zusammen.<\/p>\n","protected":false},"author":1,"featured_media":293,"parent":0,"menu_order":0,"comment_status":"closed","ping_status":"closed","template":"","meta":{"footnotes":""},"class_list":["post-90","page","type-page","status-publish","has-post-thumbnail","hentry"],"yoast_head":"<!-- This site is optimized with the Yoast SEO plugin v27.6 - https:\/\/yoast.com\/product\/yoast-seo-wordpress\/ -->\n<title>Gasthof Gruber - Urlaub im Chiemgau - Busreisen<\/title>\n<meta name=\"description\" content=\"Genie\u00dfen Sie Ihren Urlaub im Chiemgau oder Besuchen sie unser Restaurant - Erholung in bayerischer Tradition\" \/>\n<meta name=\"robots\" content=\"index, follow, max-snippet:-1, max-image-preview:large, max-video-preview:-1\" \/>\n<link rel=\"canonical\" href=\"https:\/\/gasthof-gruber.de\/Gruber24\/busreisen\/\" \/>\n<meta property=\"og:locale\" content=\"de_DE\" \/>\n<meta property=\"og:type\" content=\"article\" \/>\n<meta property=\"og:title\" content=\"Gasthof Gruber - Urlaub im Chiemgau - Busreisen\" \/>\n<meta property=\"og:description\" content=\"Genie\u00dfen Sie Ihren Urlaub im Chiemgau oder Besuchen sie unser Restaurant - Erholung in bayerischer Tradition\" \/>\n<meta property=\"og:url\" content=\"https:\/\/gasthof-gruber.de\/Gruber24\/busreisen\/\" \/>\n<meta property=\"og:site_name\" content=\"Gasthof Gruber\" \/>\n<meta property=\"article:publisher\" content=\"https:\/\/www.facebook.com\/p\/Gasthof-Gruber-100027918356868\/\" \/>\n<meta property=\"article:modified_time\" content=\"2024-09-16T08:28:05+00:00\" \/>\n<meta property=\"og:image\" content=\"https:\/\/gasthof-gruber.de\/Gruber24\/wp-content\/uploads\/2024\/09\/Gruber_Bus2.jpg\" \/>\n\t<meta property=\"og:image:width\" content=\"2000\" \/>\n\t<meta property=\"og:image:height\" content=\"1200\" \/>\n\t<meta property=\"og:image:type\" content=\"image\/jpeg\" \/>\n<meta name=\"twitter:card\" content=\"summary_large_image\" \/>\n<meta name=\"twitter:label1\" content=\"Gesch\u00e4tzte Lesezeit\" \/>\n\t<meta name=\"twitter:data1\" content=\"1\u00a0Minute\" \/>\n<script type=\"application\/ld+json\" class=\"yoast-schema-graph\">{\"@context\":\"https:\\\/\\\/schema.org\",\"@graph\":[{\"@type\":\"WebPage\",\"@id\":\"https:\\\/\\\/gasthof-gruber.de\\\/Gruber24\\\/busreisen\\\/\",\"url\":\"https:\\\/\\\/gasthof-gruber.de\\\/Gruber24\\\/busreisen\\\/\",\"name\":\"Gasthof Gruber - Urlaub im Chiemgau - Busreisen\",\"isPartOf\":{\"@id\":\"https:\\\/\\\/gasthof-gruber.de\\\/Gruber24\\\/#website\"},\"primaryImageOfPage\":{\"@id\":\"https:\\\/\\\/gasthof-gruber.de\\\/Gruber24\\\/busreisen\\\/#primaryimage\"},\"image\":{\"@id\":\"https:\\\/\\\/gasthof-gruber.de\\\/Gruber24\\\/busreisen\\\/#primaryimage\"},\"thumbnailUrl\":\"https:\\\/\\\/gasthof-gruber.de\\\/Gruber24\\\/wp-content\\\/uploads\\\/2024\\\/09\\\/Gruber_Bus2.jpg\",\"datePublished\":\"2024-04-03T07:04:44+00:00\",\"dateModified\":\"2024-09-16T08:28:05+00:00\",\"description\":\"Genie\u00dfen Sie Ihren Urlaub im Chiemgau oder Besuchen sie unser Restaurant - Erholung in bayerischer Tradition\",\"breadcrumb\":{\"@id\":\"https:\\\/\\\/gasthof-gruber.de\\\/Gruber24\\\/busreisen\\\/#breadcrumb\"},\"inLanguage\":\"de\",\"potentialAction\":[{\"@type\":\"ReadAction\",\"target\":[\"https:\\\/\\\/gasthof-gruber.de\\\/Gruber24\\\/busreisen\\\/\"]}]},{\"@type\":\"ImageObject\",\"inLanguage\":\"de\",\"@id\":\"https:\\\/\\\/gasthof-gruber.de\\\/Gruber24\\\/busreisen\\\/#primaryimage\",\"url\":\"https:\\\/\\\/gasthof-gruber.de\\\/Gruber24\\\/wp-content\\\/uploads\\\/2024\\\/09\\\/Gruber_Bus2.jpg\",\"contentUrl\":\"https:\\\/\\\/gasthof-gruber.de\\\/Gruber24\\\/wp-content\\\/uploads\\\/2024\\\/09\\\/Gruber_Bus2.jpg\",\"width\":2000,\"height\":1200},{\"@type\":\"BreadcrumbList\",\"@id\":\"https:\\\/\\\/gasthof-gruber.de\\\/Gruber24\\\/busreisen\\\/#breadcrumb\",\"itemListElement\":[{\"@type\":\"ListItem\",\"position\":1,\"name\":\"Startseite\",\"item\":\"https:\\\/\\\/gasthof-gruber.de\\\/Gruber24\\\/\"},{\"@type\":\"ListItem\",\"position\":2,\"name\":\"Busreisen\"}]},{\"@type\":\"WebSite\",\"@id\":\"https:\\\/\\\/gasthof-gruber.de\\\/Gruber24\\\/#website\",\"url\":\"https:\\\/\\\/gasthof-gruber.de\\\/Gruber24\\\/\",\"name\":\"Gasthof Gruber\",\"description\":\"Urlaub im Chiemgau\",\"publisher\":{\"@id\":\"https:\\\/\\\/gasthof-gruber.de\\\/Gruber24\\\/#organization\"},\"potentialAction\":[{\"@type\":\"SearchAction\",\"target\":{\"@type\":\"EntryPoint\",\"urlTemplate\":\"https:\\\/\\\/gasthof-gruber.de\\\/Gruber24\\\/?s={search_term_string}\"},\"query-input\":{\"@type\":\"PropertyValueSpecification\",\"valueRequired\":true,\"valueName\":\"search_term_string\"}}],\"inLanguage\":\"de\"},{\"@type\":\"Organization\",\"@id\":\"https:\\\/\\\/gasthof-gruber.de\\\/Gruber24\\\/#organization\",\"name\":\"Gasthof Gruber\",\"url\":\"https:\\\/\\\/gasthof-gruber.de\\\/Gruber24\\\/\",\"logo\":{\"@type\":\"ImageObject\",\"inLanguage\":\"de\",\"@id\":\"https:\\\/\\\/gasthof-gruber.de\\\/Gruber24\\\/#\\\/schema\\\/logo\\\/image\\\/\",\"url\":\"https:\\\/\\\/gasthof-gruber.de\\\/Gruber24\\\/wp-content\\\/uploads\\\/2024\\\/04\\\/logo-Gruber-schwarz.png\",\"contentUrl\":\"https:\\\/\\\/gasthof-gruber.de\\\/Gruber24\\\/wp-content\\\/uploads\\\/2024\\\/04\\\/logo-Gruber-schwarz.png\",\"width\":2031,\"height\":535,\"caption\":\"Gasthof Gruber\"},\"image\":{\"@id\":\"https:\\\/\\\/gasthof-gruber.de\\\/Gruber24\\\/#\\\/schema\\\/logo\\\/image\\\/\"},\"sameAs\":[\"https:\\\/\\\/www.facebook.com\\\/p\\\/Gasthof-Gruber-100027918356868\\\/\",\"https:\\\/\\\/www.instagram.com\\\/gasthofgruber\\\/\"]}]}<\/script>\n<!-- \/ Yoast SEO plugin. -->","yoast_head_json":{"title":"Gasthof Gruber - Urlaub im Chiemgau - Busreisen","description":"Genie\u00dfen Sie Ihren Urlaub im Chiemgau oder Besuchen sie unser Restaurant - Erholung in bayerischer Tradition","robots":{"index":"index","follow":"follow","max-snippet":"max-snippet:-1","max-image-preview":"max-image-preview:large","max-video-preview":"max-video-preview:-1"},"canonical":"https:\/\/gasthof-gruber.de\/Gruber24\/busreisen\/","og_locale":"de_DE","og_type":"article","og_title":"Gasthof Gruber - Urlaub im Chiemgau - Busreisen","og_description":"Genie\u00dfen Sie Ihren Urlaub im Chiemgau oder Besuchen sie unser Restaurant - Erholung in bayerischer Tradition","og_url":"https:\/\/gasthof-gruber.de\/Gruber24\/busreisen\/","og_site_name":"Gasthof Gruber","article_publisher":"https:\/\/www.facebook.com\/p\/Gasthof-Gruber-100027918356868\/","article_modified_time":"2024-09-16T08:28:05+00:00","og_image":[{"width":2000,"height":1200,"url":"https:\/\/gasthof-gruber.de\/Gruber24\/wp-content\/uploads\/2024\/09\/Gruber_Bus2.jpg","type":"image\/jpeg"}],"twitter_card":"summary_large_image","twitter_misc":{"Gesch\u00e4tzte Lesezeit":"1\u00a0Minute"},"schema":{"@context":"https:\/\/schema.org","@graph":[{"@type":"WebPage","@id":"https:\/\/gasthof-gruber.de\/Gruber24\/busreisen\/","url":"https:\/\/gasthof-gruber.de\/Gruber24\/busreisen\/","name":"Gasthof Gruber - Urlaub im Chiemgau - Busreisen","isPartOf":{"@id":"https:\/\/gasthof-gruber.de\/Gruber24\/#website"},"primaryImageOfPage":{"@id":"https:\/\/gasthof-gruber.de\/Gruber24\/busreisen\/#primaryimage"},"image":{"@id":"https:\/\/gasthof-gruber.de\/Gruber24\/busreisen\/#primaryimage"},"thumbnailUrl":"https:\/\/gasthof-gruber.de\/Gruber24\/wp-content\/uploads\/2024\/09\/Gruber_Bus2.jpg","datePublished":"2024-04-03T07:04:44+00:00","dateModified":"2024-09-16T08:28:05+00:00","description":"Genie\u00dfen Sie Ihren Urlaub im Chiemgau oder Besuchen sie unser Restaurant - Erholung in bayerischer Tradition","breadcrumb":{"@id":"https:\/\/gasthof-gruber.de\/Gruber24\/busreisen\/#breadcrumb"},"inLanguage":"de","potentialAction":[{"@type":"ReadAction","target":["https:\/\/gasthof-gruber.de\/Gruber24\/busreisen\/"]}]},{"@type":"ImageObject","inLanguage":"de","@id":"https:\/\/gasthof-gruber.de\/Gruber24\/busreisen\/#primaryimage","url":"https:\/\/gasthof-gruber.de\/Gruber24\/wp-content\/uploads\/2024\/09\/Gruber_Bus2.jpg","contentUrl":"https:\/\/gasthof-gruber.de\/Gruber24\/wp-content\/uploads\/2024\/09\/Gruber_Bus2.jpg","width":2000,"height":1200},{"@type":"BreadcrumbList","@id":"https:\/\/gasthof-gruber.de\/Gruber24\/busreisen\/#breadcrumb","itemListElement":[{"@type":"ListItem","position":1,"name":"Startseite","item":"https:\/\/gasthof-gruber.de\/Gruber24\/"},{"@type":"ListItem","position":2,"name":"Busreisen"}]},{"@type":"WebSite","@id":"https:\/\/gasthof-gruber.de\/Gruber24\/#website","url":"https:\/\/gasthof-gruber.de\/Gruber24\/","name":"Gasthof Gruber","description":"Urlaub im Chiemgau","publisher":{"@id":"https:\/\/gasthof-gruber.de\/Gruber24\/#organization"},"potentialAction":[{"@type":"SearchAction","target":{"@type":"EntryPoint","urlTemplate":"https:\/\/gasthof-gruber.de\/Gruber24\/?s={search_term_string}"},"query-input":{"@type":"PropertyValueSpecification","valueRequired":true,"valueName":"search_term_string"}}],"inLanguage":"de"},{"@type":"Organization","@id":"https:\/\/gasthof-gruber.de\/Gruber24\/#organization","name":"Gasthof Gruber","url":"https:\/\/gasthof-gruber.de\/Gruber24\/","logo":{"@type":"ImageObject","inLanguage":"de","@id":"https:\/\/gasthof-gruber.de\/Gruber24\/#\/schema\/logo\/image\/","url":"https:\/\/gasthof-gruber.de\/Gruber24\/wp-content\/uploads\/2024\/04\/logo-Gruber-schwarz.png","contentUrl":"https:\/\/gasthof-gruber.de\/Gruber24\/wp-content\/uploads\/2024\/04\/logo-Gruber-schwarz.png","width":2031,"height":535,"caption":"Gasthof Gruber"},"image":{"@id":"https:\/\/gasthof-gruber.de\/Gruber24\/#\/schema\/logo\/image\/"},"sameAs":["https:\/\/www.facebook.com\/p\/Gasthof-Gruber-100027918356868\/","https:\/\/www.instagram.com\/gasthofgruber\/"]}]}},"_links":{"self":[{"href":"https:\/\/gasthof-gruber.de\/Gruber24\/wp-json\/wp\/v2\/pages\/90","targetHints":{"allow":["GET"]}}],"collection":[{"href":"https:\/\/gasthof-gruber.de\/Gruber24\/wp-json\/wp\/v2\/pages"}],"about":[{"href":"https:\/\/gasthof-gruber.de\/Gruber24\/wp-json\/wp\/v2\/types\/page"}],"author":[{"embeddable":true,"href":"https:\/\/gasthof-gruber.de\/Gruber24\/wp-json\/wp\/v2\/users\/1"}],"replies":[{"embeddable":true,"href":"https:\/\/gasthof-gruber.de\/Gruber24\/wp-json\/wp\/v2\/comments?post=90"}],"version-history":[{"count":4,"href":"https:\/\/gasthof-gruber.de\/Gruber24\/wp-json\/wp\/v2\/pages\/90\/revisions"}],"predecessor-version":[{"id":214,"href":"https:\/\/gasthof-gruber.de\/Gruber24\/wp-json\/wp\/v2\/pages\/90\/revisions\/214"}],"wp:featuredmedia":[{"embeddable":true,"href":"https:\/\/gasthof-gruber.de\/Gruber24\/wp-json\/wp\/v2\/media\/293"}],"wp:attachment":[{"href":"https:\/\/gasthof-gruber.de\/Gruber24\/wp-json\/wp\/v2\/media?parent=90"}],"curies":[{"name":"wp","href":"https:\/\/api.w.org\/{rel}","templated":true}]}}