{"id":77,"date":"2024-04-03T08:32:10","date_gmt":"2024-04-03T06:32:10","guid":{"rendered":"https:\/\/gasthof-gruber.de\/Gruber24\/?page_id=77"},"modified":"2024-09-16T10:26:03","modified_gmt":"2024-09-16T08:26:03","slug":"ueber-uns","status":"publish","type":"page","link":"https:\/\/gasthof-gruber.de\/Gruber24\/ueber-uns\/","title":{"rendered":"\u00dcber uns"},"content":{"rendered":"\n<p>Der Gasthof Gruber Pietling befindet sich im Chiemgau an der Grenze zu \u00d6sterreich etwa 30km nordwestlich von Salzburg. Im bayerischen Voralpenland gelegen, umrahmt von einer Vielzahl von landschaftlichen und kulturellen Sehensw\u00fcrdigkeiten, warten nicht nur zahlreiche Ausflugsm\u00f6glichkeiten auf Sie.<\/p>\n\n\n\n<p>Seit 1958 steht das Wohl des Gastes f\u00fcr den famili\u00e4ren Betrieb an erster Stelle. Dies wird nicht nur von Generation zu Generation weitergegeben, sondern tagt\u00e4glich mit viel Liebe und Herzblut gelebt.<\/p>\n\n\n\n<p>Profitieren Sie von unserer Erfahrung. Ganz gleich, ob Sie nach dem passenden Ort f\u00fcr eine Auszeit suchen, oder ob Sie sich in unserem Restaurant verw\u00f6hnen lassen wollen.<\/p>\n\n\n\n<p>Wir freuen uns auf Ihren Besuch!<\/p>\n\n\n\n<p>Ihre<br>Famile Gruber<\/p>\n\n\n\n<figure class=\"wp-block-gallery has-nested-images columns-default is-cropped wp-block-gallery-1 is-layout-flex wp-block-gallery-is-layout-flex\">\n<figure class=\"wp-block-image size-large\"><img loading=\"lazy\" decoding=\"async\" width=\"1024\" height=\"683\" data-id=\"280\" src=\"https:\/\/gasthof-gruber.de\/Gruber24\/wp-content\/uploads\/2024\/09\/01_07_2024_Gasthof_Gruber_143-1024x683.jpg\" alt=\"\" class=\"wp-image-280\" srcset=\"https:\/\/gasthof-gruber.de\/Gruber24\/wp-content\/uploads\/2024\/09\/01_07_2024_Gasthof_Gruber_143-1024x683.jpg 1024w, https:\/\/gasthof-gruber.de\/Gruber24\/wp-content\/uploads\/2024\/09\/01_07_2024_Gasthof_Gruber_143-300x200.jpg 300w, https:\/\/gasthof-gruber.de\/Gruber24\/wp-content\/uploads\/2024\/09\/01_07_2024_Gasthof_Gruber_143-768x512.jpg 768w, https:\/\/gasthof-gruber.de\/Gruber24\/wp-content\/uploads\/2024\/09\/01_07_2024_Gasthof_Gruber_143-1536x1024.jpg 1536w, https:\/\/gasthof-gruber.de\/Gruber24\/wp-content\/uploads\/2024\/09\/01_07_2024_Gasthof_Gruber_143-2048x1365.jpg 2048w\" sizes=\"auto, (max-width: 706px) 89vw, (max-width: 767px) 82vw, 740px\" \/><\/figure>\n\n\n\n<figure class=\"wp-block-image size-large\"><img loading=\"lazy\" decoding=\"async\" width=\"1024\" height=\"683\" data-id=\"278\" src=\"https:\/\/gasthof-gruber.de\/Gruber24\/wp-content\/uploads\/2024\/09\/01_07_2024_Gasthof_Gruber_146-1024x683.jpg\" alt=\"\" class=\"wp-image-278\" srcset=\"https:\/\/gasthof-gruber.de\/Gruber24\/wp-content\/uploads\/2024\/09\/01_07_2024_Gasthof_Gruber_146-1024x683.jpg 1024w, https:\/\/gasthof-gruber.de\/Gruber24\/wp-content\/uploads\/2024\/09\/01_07_2024_Gasthof_Gruber_146-300x200.jpg 300w, https:\/\/gasthof-gruber.de\/Gruber24\/wp-content\/uploads\/2024\/09\/01_07_2024_Gasthof_Gruber_146-768x512.jpg 768w, https:\/\/gasthof-gruber.de\/Gruber24\/wp-content\/uploads\/2024\/09\/01_07_2024_Gasthof_Gruber_146-1536x1024.jpg 1536w, https:\/\/gasthof-gruber.de\/Gruber24\/wp-content\/uploads\/2024\/09\/01_07_2024_Gasthof_Gruber_146-2048x1365.jpg 2048w\" sizes=\"auto, (max-width: 706px) 89vw, (max-width: 767px) 82vw, 740px\" \/><\/figure>\n\n\n\n<figure class=\"wp-block-image size-large\"><img loading=\"lazy\" decoding=\"async\" width=\"1024\" height=\"683\" data-id=\"281\" src=\"https:\/\/gasthof-gruber.de\/Gruber24\/wp-content\/uploads\/2024\/09\/01_07_2024_Gasthof_Gruber_162-1024x683.jpg\" alt=\"\" class=\"wp-image-281\" srcset=\"https:\/\/gasthof-gruber.de\/Gruber24\/wp-content\/uploads\/2024\/09\/01_07_2024_Gasthof_Gruber_162-1024x683.jpg 1024w, https:\/\/gasthof-gruber.de\/Gruber24\/wp-content\/uploads\/2024\/09\/01_07_2024_Gasthof_Gruber_162-300x200.jpg 300w, https:\/\/gasthof-gruber.de\/Gruber24\/wp-content\/uploads\/2024\/09\/01_07_2024_Gasthof_Gruber_162-768x512.jpg 768w, https:\/\/gasthof-gruber.de\/Gruber24\/wp-content\/uploads\/2024\/09\/01_07_2024_Gasthof_Gruber_162-1536x1024.jpg 1536w, https:\/\/gasthof-gruber.de\/Gruber24\/wp-content\/uploads\/2024\/09\/01_07_2024_Gasthof_Gruber_162-2048x1365.jpg 2048w\" sizes=\"auto, (max-width: 706px) 89vw, (max-width: 767px) 82vw, 740px\" \/><\/figure>\n\n\n\n<figure class=\"wp-block-image size-large\"><img loading=\"lazy\" decoding=\"async\" width=\"1024\" height=\"683\" data-id=\"279\" src=\"https:\/\/gasthof-gruber.de\/Gruber24\/wp-content\/uploads\/2024\/09\/01_07_2024_Gasthof_Gruber_172-1024x683.jpg\" alt=\"\" class=\"wp-image-279\" srcset=\"https:\/\/gasthof-gruber.de\/Gruber24\/wp-content\/uploads\/2024\/09\/01_07_2024_Gasthof_Gruber_172-1024x683.jpg 1024w, https:\/\/gasthof-gruber.de\/Gruber24\/wp-content\/uploads\/2024\/09\/01_07_2024_Gasthof_Gruber_172-300x200.jpg 300w, https:\/\/gasthof-gruber.de\/Gruber24\/wp-content\/uploads\/2024\/09\/01_07_2024_Gasthof_Gruber_172-768x512.jpg 768w, https:\/\/gasthof-gruber.de\/Gruber24\/wp-content\/uploads\/2024\/09\/01_07_2024_Gasthof_Gruber_172-1536x1024.jpg 1536w, https:\/\/gasthof-gruber.de\/Gruber24\/wp-content\/uploads\/2024\/09\/01_07_2024_Gasthof_Gruber_172-2048x1365.jpg 2048w\" sizes=\"auto, (max-width: 706px) 89vw, (max-width: 767px) 82vw, 740px\" \/><\/figure>\n\n\n\n<figure class=\"wp-block-image size-large\"><img loading=\"lazy\" decoding=\"async\" width=\"683\" height=\"1024\" data-id=\"282\" src=\"https:\/\/gasthof-gruber.de\/Gruber24\/wp-content\/uploads\/2024\/09\/01_07_2024_Gasthof_Gruber_174-683x1024.jpg\" alt=\"\" class=\"wp-image-282\" srcset=\"https:\/\/gasthof-gruber.de\/Gruber24\/wp-content\/uploads\/2024\/09\/01_07_2024_Gasthof_Gruber_174-683x1024.jpg 683w, https:\/\/gasthof-gruber.de\/Gruber24\/wp-content\/uploads\/2024\/09\/01_07_2024_Gasthof_Gruber_174-200x300.jpg 200w, https:\/\/gasthof-gruber.de\/Gruber24\/wp-content\/uploads\/2024\/09\/01_07_2024_Gasthof_Gruber_174-768x1152.jpg 768w, https:\/\/gasthof-gruber.de\/Gruber24\/wp-content\/uploads\/2024\/09\/01_07_2024_Gasthof_Gruber_174-1024x1536.jpg 1024w, https:\/\/gasthof-gruber.de\/Gruber24\/wp-content\/uploads\/2024\/09\/01_07_2024_Gasthof_Gruber_174-1365x2048.jpg 1365w, https:\/\/gasthof-gruber.de\/Gruber24\/wp-content\/uploads\/2024\/09\/01_07_2024_Gasthof_Gruber_174-scaled.jpg 1707w\" sizes=\"auto, (max-width: 683px) 100vw, 683px\" \/><\/figure>\n\n\n\n<figure class=\"wp-block-image size-large\"><img loading=\"lazy\" decoding=\"async\" width=\"683\" height=\"1024\" data-id=\"284\" src=\"https:\/\/gasthof-gruber.de\/Gruber24\/wp-content\/uploads\/2024\/09\/01_07_2024_Gasthof_Gruber_181-683x1024.jpg\" alt=\"\" class=\"wp-image-284\" srcset=\"https:\/\/gasthof-gruber.de\/Gruber24\/wp-content\/uploads\/2024\/09\/01_07_2024_Gasthof_Gruber_181-683x1024.jpg 683w, https:\/\/gasthof-gruber.de\/Gruber24\/wp-content\/uploads\/2024\/09\/01_07_2024_Gasthof_Gruber_181-200x300.jpg 200w, https:\/\/gasthof-gruber.de\/Gruber24\/wp-content\/uploads\/2024\/09\/01_07_2024_Gasthof_Gruber_181-768x1152.jpg 768w, https:\/\/gasthof-gruber.de\/Gruber24\/wp-content\/uploads\/2024\/09\/01_07_2024_Gasthof_Gruber_181-1024x1536.jpg 1024w, https:\/\/gasthof-gruber.de\/Gruber24\/wp-content\/uploads\/2024\/09\/01_07_2024_Gasthof_Gruber_181-1365x2048.jpg 1365w, https:\/\/gasthof-gruber.de\/Gruber24\/wp-content\/uploads\/2024\/09\/01_07_2024_Gasthof_Gruber_181-scaled.jpg 1707w\" sizes=\"auto, (max-width: 683px) 100vw, 683px\" \/><\/figure>\n\n\n\n<figure class=\"wp-block-image size-large\"><img loading=\"lazy\" decoding=\"async\" width=\"1024\" height=\"683\" data-id=\"277\" src=\"https:\/\/gasthof-gruber.de\/Gruber24\/wp-content\/uploads\/2024\/09\/01_07_2024_Gasthof_Gruber_184-1024x683.jpg\" alt=\"\" class=\"wp-image-277\" srcset=\"https:\/\/gasthof-gruber.de\/Gruber24\/wp-content\/uploads\/2024\/09\/01_07_2024_Gasthof_Gruber_184-1024x683.jpg 1024w, https:\/\/gasthof-gruber.de\/Gruber24\/wp-content\/uploads\/2024\/09\/01_07_2024_Gasthof_Gruber_184-300x200.jpg 300w, https:\/\/gasthof-gruber.de\/Gruber24\/wp-content\/uploads\/2024\/09\/01_07_2024_Gasthof_Gruber_184-768x512.jpg 768w, https:\/\/gasthof-gruber.de\/Gruber24\/wp-content\/uploads\/2024\/09\/01_07_2024_Gasthof_Gruber_184-1536x1024.jpg 1536w, https:\/\/gasthof-gruber.de\/Gruber24\/wp-content\/uploads\/2024\/09\/01_07_2024_Gasthof_Gruber_184-2048x1365.jpg 2048w\" sizes=\"auto, (max-width: 706px) 89vw, (max-width: 767px) 82vw, 740px\" \/><\/figure>\n\n\n\n<figure class=\"wp-block-image size-large\"><img loading=\"lazy\" decoding=\"async\" width=\"1024\" height=\"683\" data-id=\"283\" src=\"https:\/\/gasthof-gruber.de\/Gruber24\/wp-content\/uploads\/2024\/09\/01_07_2024_Gasthof_Gruber_015-1024x683.jpg\" alt=\"\" class=\"wp-image-283\" srcset=\"https:\/\/gasthof-gruber.de\/Gruber24\/wp-content\/uploads\/2024\/09\/01_07_2024_Gasthof_Gruber_015-1024x683.jpg 1024w, https:\/\/gasthof-gruber.de\/Gruber24\/wp-content\/uploads\/2024\/09\/01_07_2024_Gasthof_Gruber_015-300x200.jpg 300w, https:\/\/gasthof-gruber.de\/Gruber24\/wp-content\/uploads\/2024\/09\/01_07_2024_Gasthof_Gruber_015-768x512.jpg 768w, https:\/\/gasthof-gruber.de\/Gruber24\/wp-content\/uploads\/2024\/09\/01_07_2024_Gasthof_Gruber_015-1536x1024.jpg 1536w, https:\/\/gasthof-gruber.de\/Gruber24\/wp-content\/uploads\/2024\/09\/01_07_2024_Gasthof_Gruber_015-2048x1365.jpg 2048w\" sizes=\"auto, (max-width: 706px) 89vw, (max-width: 767px) 82vw, 740px\" \/><\/figure>\n\n\n\n<figure class=\"wp-block-image size-large\"><img loading=\"lazy\" decoding=\"async\" width=\"1024\" height=\"683\" data-id=\"285\" src=\"https:\/\/gasthof-gruber.de\/Gruber24\/wp-content\/uploads\/2024\/09\/01_07_2024_Gasthof_Gruber_016-1024x683.jpg\" alt=\"\" class=\"wp-image-285\" srcset=\"https:\/\/gasthof-gruber.de\/Gruber24\/wp-content\/uploads\/2024\/09\/01_07_2024_Gasthof_Gruber_016-1024x683.jpg 1024w, https:\/\/gasthof-gruber.de\/Gruber24\/wp-content\/uploads\/2024\/09\/01_07_2024_Gasthof_Gruber_016-300x200.jpg 300w, https:\/\/gasthof-gruber.de\/Gruber24\/wp-content\/uploads\/2024\/09\/01_07_2024_Gasthof_Gruber_016-768x512.jpg 768w, https:\/\/gasthof-gruber.de\/Gruber24\/wp-content\/uploads\/2024\/09\/01_07_2024_Gasthof_Gruber_016-1536x1024.jpg 1536w, https:\/\/gasthof-gruber.de\/Gruber24\/wp-content\/uploads\/2024\/09\/01_07_2024_Gasthof_Gruber_016-2048x1365.jpg 2048w\" sizes=\"auto, (max-width: 706px) 89vw, (max-width: 767px) 82vw, 740px\" \/><\/figure>\n\n\n\n<figure class=\"wp-block-image size-large\"><img loading=\"lazy\" decoding=\"async\" width=\"1024\" height=\"683\" data-id=\"286\" src=\"https:\/\/gasthof-gruber.de\/Gruber24\/wp-content\/uploads\/2024\/09\/01_07_2024_Gasthof_Gruber_022-1024x683.jpg\" alt=\"\" class=\"wp-image-286\" srcset=\"https:\/\/gasthof-gruber.de\/Gruber24\/wp-content\/uploads\/2024\/09\/01_07_2024_Gasthof_Gruber_022-1024x683.jpg 1024w, https:\/\/gasthof-gruber.de\/Gruber24\/wp-content\/uploads\/2024\/09\/01_07_2024_Gasthof_Gruber_022-300x200.jpg 300w, https:\/\/gasthof-gruber.de\/Gruber24\/wp-content\/uploads\/2024\/09\/01_07_2024_Gasthof_Gruber_022-768x512.jpg 768w, https:\/\/gasthof-gruber.de\/Gruber24\/wp-content\/uploads\/2024\/09\/01_07_2024_Gasthof_Gruber_022-1536x1024.jpg 1536w, https:\/\/gasthof-gruber.de\/Gruber24\/wp-content\/uploads\/2024\/09\/01_07_2024_Gasthof_Gruber_022-2048x1365.jpg 2048w\" sizes=\"auto, (max-width: 706px) 89vw, (max-width: 767px) 82vw, 740px\" \/><\/figure>\n\n\n\n<figure class=\"wp-block-image size-large\"><img loading=\"lazy\" decoding=\"async\" width=\"1024\" height=\"683\" data-id=\"287\" src=\"https:\/\/gasthof-gruber.de\/Gruber24\/wp-content\/uploads\/2024\/09\/01_07_2024_Gasthof_Gruber_029-1024x683.jpg\" alt=\"\" class=\"wp-image-287\" srcset=\"https:\/\/gasthof-gruber.de\/Gruber24\/wp-content\/uploads\/2024\/09\/01_07_2024_Gasthof_Gruber_029-1024x683.jpg 1024w, https:\/\/gasthof-gruber.de\/Gruber24\/wp-content\/uploads\/2024\/09\/01_07_2024_Gasthof_Gruber_029-300x200.jpg 300w, https:\/\/gasthof-gruber.de\/Gruber24\/wp-content\/uploads\/2024\/09\/01_07_2024_Gasthof_Gruber_029-768x512.jpg 768w, https:\/\/gasthof-gruber.de\/Gruber24\/wp-content\/uploads\/2024\/09\/01_07_2024_Gasthof_Gruber_029-1536x1024.jpg 1536w, https:\/\/gasthof-gruber.de\/Gruber24\/wp-content\/uploads\/2024\/09\/01_07_2024_Gasthof_Gruber_029-2048x1365.jpg 2048w\" sizes=\"auto, (max-width: 706px) 89vw, (max-width: 767px) 82vw, 740px\" \/><\/figure>\n\n\n\n<figure class=\"wp-block-image size-large\"><img loading=\"lazy\" decoding=\"async\" width=\"1024\" height=\"683\" data-id=\"288\" src=\"https:\/\/gasthof-gruber.de\/Gruber24\/wp-content\/uploads\/2024\/09\/01_07_2024_Gasthof_Gruber_034-1024x683.jpg\" alt=\"\" class=\"wp-image-288\" srcset=\"https:\/\/gasthof-gruber.de\/Gruber24\/wp-content\/uploads\/2024\/09\/01_07_2024_Gasthof_Gruber_034-1024x683.jpg 1024w, https:\/\/gasthof-gruber.de\/Gruber24\/wp-content\/uploads\/2024\/09\/01_07_2024_Gasthof_Gruber_034-300x200.jpg 300w, https:\/\/gasthof-gruber.de\/Gruber24\/wp-content\/uploads\/2024\/09\/01_07_2024_Gasthof_Gruber_034-768x512.jpg 768w, https:\/\/gasthof-gruber.de\/Gruber24\/wp-content\/uploads\/2024\/09\/01_07_2024_Gasthof_Gruber_034-1536x1024.jpg 1536w, https:\/\/gasthof-gruber.de\/Gruber24\/wp-content\/uploads\/2024\/09\/01_07_2024_Gasthof_Gruber_034-2048x1365.jpg 2048w\" sizes=\"auto, (max-width: 706px) 89vw, (max-width: 767px) 82vw, 740px\" \/><\/figure>\n\n\n\n<figure class=\"wp-block-image size-large\"><img loading=\"lazy\" decoding=\"async\" width=\"1024\" height=\"683\" data-id=\"290\" src=\"https:\/\/gasthof-gruber.de\/Gruber24\/wp-content\/uploads\/2024\/09\/01_07_2024_Gasthof_Gruber_043-1024x683.jpg\" alt=\"\" class=\"wp-image-290\" srcset=\"https:\/\/gasthof-gruber.de\/Gruber24\/wp-content\/uploads\/2024\/09\/01_07_2024_Gasthof_Gruber_043-1024x683.jpg 1024w, https:\/\/gasthof-gruber.de\/Gruber24\/wp-content\/uploads\/2024\/09\/01_07_2024_Gasthof_Gruber_043-300x200.jpg 300w, https:\/\/gasthof-gruber.de\/Gruber24\/wp-content\/uploads\/2024\/09\/01_07_2024_Gasthof_Gruber_043-768x512.jpg 768w, https:\/\/gasthof-gruber.de\/Gruber24\/wp-content\/uploads\/2024\/09\/01_07_2024_Gasthof_Gruber_043-1536x1024.jpg 1536w, https:\/\/gasthof-gruber.de\/Gruber24\/wp-content\/uploads\/2024\/09\/01_07_2024_Gasthof_Gruber_043-2048x1365.jpg 2048w\" sizes=\"auto, (max-width: 706px) 89vw, (max-width: 767px) 82vw, 740px\" \/><\/figure>\n\n\n\n<figure class=\"wp-block-image size-large\"><img loading=\"lazy\" decoding=\"async\" width=\"1024\" height=\"683\" data-id=\"289\" src=\"https:\/\/gasthof-gruber.de\/Gruber24\/wp-content\/uploads\/2024\/09\/01_07_2024_Gasthof_Gruber_045-1024x683.jpg\" alt=\"\" class=\"wp-image-289\" srcset=\"https:\/\/gasthof-gruber.de\/Gruber24\/wp-content\/uploads\/2024\/09\/01_07_2024_Gasthof_Gruber_045-1024x683.jpg 1024w, https:\/\/gasthof-gruber.de\/Gruber24\/wp-content\/uploads\/2024\/09\/01_07_2024_Gasthof_Gruber_045-300x200.jpg 300w, https:\/\/gasthof-gruber.de\/Gruber24\/wp-content\/uploads\/2024\/09\/01_07_2024_Gasthof_Gruber_045-768x512.jpg 768w, https:\/\/gasthof-gruber.de\/Gruber24\/wp-content\/uploads\/2024\/09\/01_07_2024_Gasthof_Gruber_045-1536x1024.jpg 1536w, https:\/\/gasthof-gruber.de\/Gruber24\/wp-content\/uploads\/2024\/09\/01_07_2024_Gasthof_Gruber_045-2048x1365.jpg 2048w\" sizes=\"auto, (max-width: 706px) 89vw, (max-width: 767px) 82vw, 740px\" \/><\/figure>\n\n\n\n<figure class=\"wp-block-image size-large\"><img loading=\"lazy\" decoding=\"async\" width=\"1024\" height=\"683\" data-id=\"291\" src=\"https:\/\/gasthof-gruber.de\/Gruber24\/wp-content\/uploads\/2024\/09\/01_07_2024_Gasthof_Gruber_050-1024x683.jpg\" alt=\"\" class=\"wp-image-291\" srcset=\"https:\/\/gasthof-gruber.de\/Gruber24\/wp-content\/uploads\/2024\/09\/01_07_2024_Gasthof_Gruber_050-1024x683.jpg 1024w, https:\/\/gasthof-gruber.de\/Gruber24\/wp-content\/uploads\/2024\/09\/01_07_2024_Gasthof_Gruber_050-300x200.jpg 300w, https:\/\/gasthof-gruber.de\/Gruber24\/wp-content\/uploads\/2024\/09\/01_07_2024_Gasthof_Gruber_050-768x512.jpg 768w, https:\/\/gasthof-gruber.de\/Gruber24\/wp-content\/uploads\/2024\/09\/01_07_2024_Gasthof_Gruber_050-1536x1024.jpg 1536w, https:\/\/gasthof-gruber.de\/Gruber24\/wp-content\/uploads\/2024\/09\/01_07_2024_Gasthof_Gruber_050-2048x1365.jpg 2048w\" sizes=\"auto, (max-width: 706px) 89vw, (max-width: 767px) 82vw, 740px\" \/><\/figure>\n<\/figure>\n","protected":false},"excerpt":{"rendered":"<p>Der Gasthof Gruber Pietling befindet sich im Chiemgau an der Grenze zu \u00d6sterreich etwa 30km nordwestlich von Salzburg. Im bayerischen Voralpenland gelegen, umrahmt von einer Vielzahl von landschaftlichen und kulturellen Sehensw\u00fcrdigkeiten, warten nicht nur zahlreiche Ausflugsm\u00f6glichkeiten auf Sie. Seit 1958 steht das Wohl des Gastes f\u00fcr den famili\u00e4ren Betrieb an erster Stelle. Dies wird nicht &hellip; <\/p>\n<p class=\"link-more\"><a href=\"https:\/\/gasthof-gruber.de\/Gruber24\/ueber-uns\/\" class=\"more-link\"><span class=\"screen-reader-text\">\u201e\u00dcber uns\u201c <\/span>weiterlesen<\/a><\/p>\n","protected":false},"author":1,"featured_media":275,"parent":0,"menu_order":0,"comment_status":"closed","ping_status":"closed","template":"","meta":{"footnotes":""},"class_list":["post-77","page","type-page","status-publish","has-post-thumbnail","hentry"],"yoast_head":"<!-- This site is optimized with the Yoast SEO plugin v27.6 - https:\/\/yoast.com\/product\/yoast-seo-wordpress\/ -->\n<title>Gasthof Gruber - Urlaub im Chiemgau - \u00dcber uns<\/title>\n<meta name=\"description\" content=\"Genie\u00dfen Sie Ihren Urlaub im Chiemgau oder Besuchen sie unser Restaurant - Erholung in bayerischer Tradition\" \/>\n<meta name=\"robots\" content=\"index, follow, max-snippet:-1, max-image-preview:large, max-video-preview:-1\" \/>\n<link rel=\"canonical\" href=\"https:\/\/gasthof-gruber.de\/Gruber24\/ueber-uns\/\" \/>\n<meta property=\"og:locale\" content=\"de_DE\" \/>\n<meta property=\"og:type\" content=\"article\" \/>\n<meta property=\"og:title\" content=\"Gasthof Gruber - Urlaub im Chiemgau - \u00dcber uns\" \/>\n<meta property=\"og:description\" content=\"Genie\u00dfen Sie Ihren Urlaub im Chiemgau oder Besuchen sie unser Restaurant - Erholung in bayerischer Tradition\" \/>\n<meta property=\"og:url\" content=\"https:\/\/gasthof-gruber.de\/Gruber24\/ueber-uns\/\" \/>\n<meta property=\"og:site_name\" content=\"Gasthof Gruber\" \/>\n<meta property=\"article:publisher\" content=\"https:\/\/www.facebook.com\/p\/Gasthof-Gruber-100027918356868\/\" \/>\n<meta property=\"article:modified_time\" content=\"2024-09-16T08:26:03+00:00\" \/>\n<meta property=\"og:image\" content=\"https:\/\/gasthof-gruber.de\/Gruber24\/wp-content\/uploads\/2024\/09\/Gruber_Familie.jpg\" \/>\n\t<meta property=\"og:image:width\" content=\"2000\" \/>\n\t<meta property=\"og:image:height\" content=\"1200\" \/>\n\t<meta property=\"og:image:type\" content=\"image\/jpeg\" \/>\n<meta name=\"twitter:card\" content=\"summary_large_image\" \/>\n<meta name=\"twitter:label1\" content=\"Gesch\u00e4tzte Lesezeit\" \/>\n\t<meta name=\"twitter:data1\" content=\"4\u00a0Minuten\" \/>\n<script type=\"application\/ld+json\" class=\"yoast-schema-graph\">{\"@context\":\"https:\\\/\\\/schema.org\",\"@graph\":[{\"@type\":\"WebPage\",\"@id\":\"https:\\\/\\\/gasthof-gruber.de\\\/Gruber24\\\/ueber-uns\\\/\",\"url\":\"https:\\\/\\\/gasthof-gruber.de\\\/Gruber24\\\/ueber-uns\\\/\",\"name\":\"Gasthof Gruber - Urlaub im Chiemgau - \u00dcber uns\",\"isPartOf\":{\"@id\":\"https:\\\/\\\/gasthof-gruber.de\\\/Gruber24\\\/#website\"},\"primaryImageOfPage\":{\"@id\":\"https:\\\/\\\/gasthof-gruber.de\\\/Gruber24\\\/ueber-uns\\\/#primaryimage\"},\"image\":{\"@id\":\"https:\\\/\\\/gasthof-gruber.de\\\/Gruber24\\\/ueber-uns\\\/#primaryimage\"},\"thumbnailUrl\":\"https:\\\/\\\/gasthof-gruber.de\\\/Gruber24\\\/wp-content\\\/uploads\\\/2024\\\/09\\\/Gruber_Familie.jpg\",\"datePublished\":\"2024-04-03T06:32:10+00:00\",\"dateModified\":\"2024-09-16T08:26:03+00:00\",\"description\":\"Genie\u00dfen Sie Ihren Urlaub im Chiemgau oder Besuchen sie unser Restaurant - Erholung in bayerischer Tradition\",\"breadcrumb\":{\"@id\":\"https:\\\/\\\/gasthof-gruber.de\\\/Gruber24\\\/ueber-uns\\\/#breadcrumb\"},\"inLanguage\":\"de\",\"potentialAction\":[{\"@type\":\"ReadAction\",\"target\":[\"https:\\\/\\\/gasthof-gruber.de\\\/Gruber24\\\/ueber-uns\\\/\"]}]},{\"@type\":\"ImageObject\",\"inLanguage\":\"de\",\"@id\":\"https:\\\/\\\/gasthof-gruber.de\\\/Gruber24\\\/ueber-uns\\\/#primaryimage\",\"url\":\"https:\\\/\\\/gasthof-gruber.de\\\/Gruber24\\\/wp-content\\\/uploads\\\/2024\\\/09\\\/Gruber_Familie.jpg\",\"contentUrl\":\"https:\\\/\\\/gasthof-gruber.de\\\/Gruber24\\\/wp-content\\\/uploads\\\/2024\\\/09\\\/Gruber_Familie.jpg\",\"width\":2000,\"height\":1200},{\"@type\":\"BreadcrumbList\",\"@id\":\"https:\\\/\\\/gasthof-gruber.de\\\/Gruber24\\\/ueber-uns\\\/#breadcrumb\",\"itemListElement\":[{\"@type\":\"ListItem\",\"position\":1,\"name\":\"Startseite\",\"item\":\"https:\\\/\\\/gasthof-gruber.de\\\/Gruber24\\\/\"},{\"@type\":\"ListItem\",\"position\":2,\"name\":\"\u00dcber uns\"}]},{\"@type\":\"WebSite\",\"@id\":\"https:\\\/\\\/gasthof-gruber.de\\\/Gruber24\\\/#website\",\"url\":\"https:\\\/\\\/gasthof-gruber.de\\\/Gruber24\\\/\",\"name\":\"Gasthof Gruber\",\"description\":\"Urlaub im Chiemgau\",\"publisher\":{\"@id\":\"https:\\\/\\\/gasthof-gruber.de\\\/Gruber24\\\/#organization\"},\"potentialAction\":[{\"@type\":\"SearchAction\",\"target\":{\"@type\":\"EntryPoint\",\"urlTemplate\":\"https:\\\/\\\/gasthof-gruber.de\\\/Gruber24\\\/?s={search_term_string}\"},\"query-input\":{\"@type\":\"PropertyValueSpecification\",\"valueRequired\":true,\"valueName\":\"search_term_string\"}}],\"inLanguage\":\"de\"},{\"@type\":\"Organization\",\"@id\":\"https:\\\/\\\/gasthof-gruber.de\\\/Gruber24\\\/#organization\",\"name\":\"Gasthof Gruber\",\"url\":\"https:\\\/\\\/gasthof-gruber.de\\\/Gruber24\\\/\",\"logo\":{\"@type\":\"ImageObject\",\"inLanguage\":\"de\",\"@id\":\"https:\\\/\\\/gasthof-gruber.de\\\/Gruber24\\\/#\\\/schema\\\/logo\\\/image\\\/\",\"url\":\"https:\\\/\\\/gasthof-gruber.de\\\/Gruber24\\\/wp-content\\\/uploads\\\/2024\\\/04\\\/logo-Gruber-schwarz.png\",\"contentUrl\":\"https:\\\/\\\/gasthof-gruber.de\\\/Gruber24\\\/wp-content\\\/uploads\\\/2024\\\/04\\\/logo-Gruber-schwarz.png\",\"width\":2031,\"height\":535,\"caption\":\"Gasthof Gruber\"},\"image\":{\"@id\":\"https:\\\/\\\/gasthof-gruber.de\\\/Gruber24\\\/#\\\/schema\\\/logo\\\/image\\\/\"},\"sameAs\":[\"https:\\\/\\\/www.facebook.com\\\/p\\\/Gasthof-Gruber-100027918356868\\\/\",\"https:\\\/\\\/www.instagram.com\\\/gasthofgruber\\\/\"]}]}<\/script>\n<!-- \/ Yoast SEO plugin. -->","yoast_head_json":{"title":"Gasthof Gruber - Urlaub im Chiemgau - \u00dcber uns","description":"Genie\u00dfen Sie Ihren Urlaub im Chiemgau oder Besuchen sie unser Restaurant - Erholung in bayerischer Tradition","robots":{"index":"index","follow":"follow","max-snippet":"max-snippet:-1","max-image-preview":"max-image-preview:large","max-video-preview":"max-video-preview:-1"},"canonical":"https:\/\/gasthof-gruber.de\/Gruber24\/ueber-uns\/","og_locale":"de_DE","og_type":"article","og_title":"Gasthof Gruber - Urlaub im Chiemgau - \u00dcber uns","og_description":"Genie\u00dfen Sie Ihren Urlaub im Chiemgau oder Besuchen sie unser Restaurant - Erholung in bayerischer Tradition","og_url":"https:\/\/gasthof-gruber.de\/Gruber24\/ueber-uns\/","og_site_name":"Gasthof Gruber","article_publisher":"https:\/\/www.facebook.com\/p\/Gasthof-Gruber-100027918356868\/","article_modified_time":"2024-09-16T08:26:03+00:00","og_image":[{"width":2000,"height":1200,"url":"https:\/\/gasthof-gruber.de\/Gruber24\/wp-content\/uploads\/2024\/09\/Gruber_Familie.jpg","type":"image\/jpeg"}],"twitter_card":"summary_large_image","twitter_misc":{"Gesch\u00e4tzte Lesezeit":"4\u00a0Minuten"},"schema":{"@context":"https:\/\/schema.org","@graph":[{"@type":"WebPage","@id":"https:\/\/gasthof-gruber.de\/Gruber24\/ueber-uns\/","url":"https:\/\/gasthof-gruber.de\/Gruber24\/ueber-uns\/","name":"Gasthof Gruber - Urlaub im Chiemgau - \u00dcber uns","isPartOf":{"@id":"https:\/\/gasthof-gruber.de\/Gruber24\/#website"},"primaryImageOfPage":{"@id":"https:\/\/gasthof-gruber.de\/Gruber24\/ueber-uns\/#primaryimage"},"image":{"@id":"https:\/\/gasthof-gruber.de\/Gruber24\/ueber-uns\/#primaryimage"},"thumbnailUrl":"https:\/\/gasthof-gruber.de\/Gruber24\/wp-content\/uploads\/2024\/09\/Gruber_Familie.jpg","datePublished":"2024-04-03T06:32:10+00:00","dateModified":"2024-09-16T08:26:03+00:00","description":"Genie\u00dfen Sie Ihren Urlaub im Chiemgau oder Besuchen sie unser Restaurant - Erholung in bayerischer Tradition","breadcrumb":{"@id":"https:\/\/gasthof-gruber.de\/Gruber24\/ueber-uns\/#breadcrumb"},"inLanguage":"de","potentialAction":[{"@type":"ReadAction","target":["https:\/\/gasthof-gruber.de\/Gruber24\/ueber-uns\/"]}]},{"@type":"ImageObject","inLanguage":"de","@id":"https:\/\/gasthof-gruber.de\/Gruber24\/ueber-uns\/#primaryimage","url":"https:\/\/gasthof-gruber.de\/Gruber24\/wp-content\/uploads\/2024\/09\/Gruber_Familie.jpg","contentUrl":"https:\/\/gasthof-gruber.de\/Gruber24\/wp-content\/uploads\/2024\/09\/Gruber_Familie.jpg","width":2000,"height":1200},{"@type":"BreadcrumbList","@id":"https:\/\/gasthof-gruber.de\/Gruber24\/ueber-uns\/#breadcrumb","itemListElement":[{"@type":"ListItem","position":1,"name":"Startseite","item":"https:\/\/gasthof-gruber.de\/Gruber24\/"},{"@type":"ListItem","position":2,"name":"\u00dcber uns"}]},{"@type":"WebSite","@id":"https:\/\/gasthof-gruber.de\/Gruber24\/#website","url":"https:\/\/gasthof-gruber.de\/Gruber24\/","name":"Gasthof Gruber","description":"Urlaub im Chiemgau","publisher":{"@id":"https:\/\/gasthof-gruber.de\/Gruber24\/#organization"},"potentialAction":[{"@type":"SearchAction","target":{"@type":"EntryPoint","urlTemplate":"https:\/\/gasthof-gruber.de\/Gruber24\/?s={search_term_string}"},"query-input":{"@type":"PropertyValueSpecification","valueRequired":true,"valueName":"search_term_string"}}],"inLanguage":"de"},{"@type":"Organization","@id":"https:\/\/gasthof-gruber.de\/Gruber24\/#organization","name":"Gasthof Gruber","url":"https:\/\/gasthof-gruber.de\/Gruber24\/","logo":{"@type":"ImageObject","inLanguage":"de","@id":"https:\/\/gasthof-gruber.de\/Gruber24\/#\/schema\/logo\/image\/","url":"https:\/\/gasthof-gruber.de\/Gruber24\/wp-content\/uploads\/2024\/04\/logo-Gruber-schwarz.png","contentUrl":"https:\/\/gasthof-gruber.de\/Gruber24\/wp-content\/uploads\/2024\/04\/logo-Gruber-schwarz.png","width":2031,"height":535,"caption":"Gasthof Gruber"},"image":{"@id":"https:\/\/gasthof-gruber.de\/Gruber24\/#\/schema\/logo\/image\/"},"sameAs":["https:\/\/www.facebook.com\/p\/Gasthof-Gruber-100027918356868\/","https:\/\/www.instagram.com\/gasthofgruber\/"]}]}},"_links":{"self":[{"href":"https:\/\/gasthof-gruber.de\/Gruber24\/wp-json\/wp\/v2\/pages\/77","targetHints":{"allow":["GET"]}}],"collection":[{"href":"https:\/\/gasthof-gruber.de\/Gruber24\/wp-json\/wp\/v2\/pages"}],"about":[{"href":"https:\/\/gasthof-gruber.de\/Gruber24\/wp-json\/wp\/v2\/types\/page"}],"author":[{"embeddable":true,"href":"https:\/\/gasthof-gruber.de\/Gruber24\/wp-json\/wp\/v2\/users\/1"}],"replies":[{"embeddable":true,"href":"https:\/\/gasthof-gruber.de\/Gruber24\/wp-json\/wp\/v2\/comments?post=77"}],"version-history":[{"count":2,"href":"https:\/\/gasthof-gruber.de\/Gruber24\/wp-json\/wp\/v2\/pages\/77\/revisions"}],"predecessor-version":[{"id":292,"href":"https:\/\/gasthof-gruber.de\/Gruber24\/wp-json\/wp\/v2\/pages\/77\/revisions\/292"}],"wp:featuredmedia":[{"embeddable":true,"href":"https:\/\/gasthof-gruber.de\/Gruber24\/wp-json\/wp\/v2\/media\/275"}],"wp:attachment":[{"href":"https:\/\/gasthof-gruber.de\/Gruber24\/wp-json\/wp\/v2\/media?parent=77"}],"curies":[{"name":"wp","href":"https:\/\/api.w.org\/{rel}","templated":true}]}}