{"id":116,"date":"2024-04-03T10:14:23","date_gmt":"2024-04-03T08:14:23","guid":{"rendered":"https:\/\/gasthof-gruber.de\/Gruber24\/?page_id=116"},"modified":"2024-04-04T00:32:46","modified_gmt":"2024-04-03T22:32:46","slug":"freizeit-2","status":"publish","type":"page","link":"https:\/\/gasthof-gruber.de\/Gruber24\/freizeit-2\/","title":{"rendered":"Freizeit"},"content":{"rendered":"\n<p>In der N\u00e4he des Gasthofes befinden sich sehr viele Badem\u00f6glichkeiten, die bei hei\u00dfen Temperaturen viele Besucher aus Nah und Fern anziehen. Die Seen des Chiemgaus bieten ein volles Freizeitprogramm. Verschiedene Wassersportarten, Strandb\u00e4der und die grandiose Berglandschaft laden zum Genie\u00dfen und Verweilen ein.<\/p>\n\n\n\n<p><\/p>\n\n\n\n<div style=\"height:50px\" aria-hidden=\"true\" class=\"wp-block-spacer\"><\/div>\n\n\n\n<figure class=\"wp-block-image size-full\"><img loading=\"lazy\" decoding=\"async\" width=\"900\" height=\"350\" src=\"https:\/\/gasthof-gruber.de\/Gruber24\/wp-content\/uploads\/2024\/04\/Gruber_Hallenbad.jpg\" alt=\"\" class=\"wp-image-118\" srcset=\"https:\/\/gasthof-gruber.de\/Gruber24\/wp-content\/uploads\/2024\/04\/Gruber_Hallenbad.jpg 900w, https:\/\/gasthof-gruber.de\/Gruber24\/wp-content\/uploads\/2024\/04\/Gruber_Hallenbad-300x117.jpg 300w, https:\/\/gasthof-gruber.de\/Gruber24\/wp-content\/uploads\/2024\/04\/Gruber_Hallenbad-768x299.jpg 768w\" sizes=\"auto, (max-width: 706px) 89vw, (max-width: 767px) 82vw, 740px\" \/><\/figure>\n\n\n\n<p>Falls das Wetter in den Ferien mal nicht so mitspielt, stellen wir Ihnen gerne unser beheiztes Schwimmbad kostenlos zur Verf\u00fcgung. Ausgestattet mit Gegenstromanlage und Massaged\u00fcsen ist unser Bad ein Spa\u00df f\u00fcr Jung und Alt. Anbei befinden sich eine kleine Terrasse sowie eine Liegewiese, die dieses Angebot abrunden.<\/p>\n\n\n\n<p><\/p>\n\n\n\n<div style=\"height:50px\" aria-hidden=\"true\" class=\"wp-block-spacer\"><\/div>\n\n\n\n<figure class=\"wp-block-image size-large\"><img loading=\"lazy\" decoding=\"async\" width=\"1024\" height=\"683\" src=\"https:\/\/gasthof-gruber.de\/Gruber24\/wp-content\/uploads\/2024\/04\/Gruber-Fahrrad-1024x683.jpg\" alt=\"\" class=\"wp-image-119\" srcset=\"https:\/\/gasthof-gruber.de\/Gruber24\/wp-content\/uploads\/2024\/04\/Gruber-Fahrrad-1024x683.jpg 1024w, https:\/\/gasthof-gruber.de\/Gruber24\/wp-content\/uploads\/2024\/04\/Gruber-Fahrrad-300x200.jpg 300w, https:\/\/gasthof-gruber.de\/Gruber24\/wp-content\/uploads\/2024\/04\/Gruber-Fahrrad-768x512.jpg 768w, https:\/\/gasthof-gruber.de\/Gruber24\/wp-content\/uploads\/2024\/04\/Gruber-Fahrrad-1536x1024.jpg 1536w, https:\/\/gasthof-gruber.de\/Gruber24\/wp-content\/uploads\/2024\/04\/Gruber-Fahrrad.jpg 1920w\" sizes=\"auto, (max-width: 706px) 89vw, (max-width: 767px) 82vw, 740px\" \/><\/figure>\n\n\n\n<p>Entdecken Sie den \u00f6stlichen Chiemgau mit dem Fahrrad! Unsere Gegend gl\u00e4nzt durch eine Vielzahl an ausgebauten Radwegen, die f\u00f6rmlich dazu einladen, die Umgebung zu erkunden. Bei der Menge an Touren ist sicherlich f\u00fcr jeden Geschmack etwas dabei. Wir planen gerne mit Ihnen Ihre pers\u00f6nliche Route.<\/p>\n\n\n\n<p><\/p>\n\n\n\n<div style=\"height:50px\" aria-hidden=\"true\" class=\"wp-block-spacer\"><\/div>\n\n\n\n<figure class=\"wp-block-image size-large\"><img loading=\"lazy\" decoding=\"async\" width=\"1024\" height=\"561\" src=\"https:\/\/gasthof-gruber.de\/Gruber24\/wp-content\/uploads\/2024\/04\/Gruber_Freizeit-1-1024x561.jpg\" alt=\"\" class=\"wp-image-120\" srcset=\"https:\/\/gasthof-gruber.de\/Gruber24\/wp-content\/uploads\/2024\/04\/Gruber_Freizeit-1-1024x561.jpg 1024w, https:\/\/gasthof-gruber.de\/Gruber24\/wp-content\/uploads\/2024\/04\/Gruber_Freizeit-1-300x164.jpg 300w, https:\/\/gasthof-gruber.de\/Gruber24\/wp-content\/uploads\/2024\/04\/Gruber_Freizeit-1-768x420.jpg 768w, https:\/\/gasthof-gruber.de\/Gruber24\/wp-content\/uploads\/2024\/04\/Gruber_Freizeit-1-1536x841.jpg 1536w, https:\/\/gasthof-gruber.de\/Gruber24\/wp-content\/uploads\/2024\/04\/Gruber_Freizeit-1.jpg 1920w\" sizes=\"auto, (max-width: 706px) 89vw, (max-width: 767px) 82vw, 740px\" \/><\/figure>\n\n\n\n<p>\u00dcber Stock und Stein durch das Voralpenland. Die landschaftlich einmalige Natur unserer Region l\u00e4dt zu vielen Entdeckungstouren ein. Perfekt um dem stressigen Alltag zu entfliehen und die Batterien wieder aufzuladen. Hierbei ist f\u00fcr jeden Geschmack etwas dabei. Egal ob gem\u00fctliche Wanderung durch den wundersch\u00f6nen Rupertiwinkel oder mehrst\u00fcndige Tour in den Berchtesgadener Alpen. Mit unserem Gasthaus als Startpunkt erreichen Sie Ihr pers\u00f6nliches Ziel in nur sehr kurzer Zeit.<\/p>\n\n\n\n<p><\/p>\n\n\n\n<div style=\"height:50px\" aria-hidden=\"true\" class=\"wp-block-spacer\"><\/div>\n\n\n\n<figure class=\"wp-block-image size-large\"><img loading=\"lazy\" decoding=\"async\" width=\"1024\" height=\"412\" src=\"https:\/\/gasthof-gruber.de\/Gruber24\/wp-content\/uploads\/2024\/04\/Gruber-Salzburg-1024x412.jpg\" alt=\"\" class=\"wp-image-121\" srcset=\"https:\/\/gasthof-gruber.de\/Gruber24\/wp-content\/uploads\/2024\/04\/Gruber-Salzburg-1024x412.jpg 1024w, https:\/\/gasthof-gruber.de\/Gruber24\/wp-content\/uploads\/2024\/04\/Gruber-Salzburg-300x121.jpg 300w, https:\/\/gasthof-gruber.de\/Gruber24\/wp-content\/uploads\/2024\/04\/Gruber-Salzburg-768x309.jpg 768w, https:\/\/gasthof-gruber.de\/Gruber24\/wp-content\/uploads\/2024\/04\/Gruber-Salzburg-1536x618.jpg 1536w, https:\/\/gasthof-gruber.de\/Gruber24\/wp-content\/uploads\/2024\/04\/Gruber-Salzburg-2048x824.jpg 2048w\" sizes=\"auto, (max-width: 706px) 89vw, (max-width: 767px) 82vw, 740px\" \/><\/figure>\n\n\n\n<p>Ob das Nahe gelegene Salzburg, die prachtvolle Gartenanlage des Schlosses Herrenchiemsees oder die l\u00e4ngste Burganlage der Welt in Burghausen. In mittelbarer Umgebung des Gasthauses stehen Ihnen schier unz\u00e4hlige Ausflugsm\u00f6glichkeiten zur Verf\u00fcgung. Dabei verl\u00e4sst man sich in der Region nicht nur auf die einmalige Natur, sondern setzt durch Kultur-, Vergn\u00fcgungs- sowie Brauchtumsangebote immer wieder neue Akzente.<\/p>\n","protected":false},"excerpt":{"rendered":"<p>In der N\u00e4he des Gasthofes befinden sich sehr viele Badem\u00f6glichkeiten, die bei hei\u00dfen Temperaturen viele Besucher aus Nah und Fern anziehen. Die Seen des Chiemgaus bieten ein volles Freizeitprogramm. Verschiedene Wassersportarten, Strandb\u00e4der und die grandiose Berglandschaft laden zum Genie\u00dfen und Verweilen ein. Falls das Wetter in den Ferien mal nicht so mitspielt, stellen wir Ihnen &hellip; <\/p>\n<p class=\"link-more\"><a href=\"https:\/\/gasthof-gruber.de\/Gruber24\/freizeit-2\/\" class=\"more-link\"><span class=\"screen-reader-text\">\u201eFreizeit\u201c <\/span>weiterlesen<\/a><\/p>\n","protected":false},"author":1,"featured_media":117,"parent":0,"menu_order":0,"comment_status":"closed","ping_status":"closed","template":"","meta":{"footnotes":""},"class_list":["post-116","page","type-page","status-publish","has-post-thumbnail","hentry"],"yoast_head":"<!-- This site is optimized with the Yoast SEO plugin v27.6 - https:\/\/yoast.com\/product\/yoast-seo-wordpress\/ -->\n<title>Gasthof Gruber - Urlaub im Chiemgau - Freizeit<\/title>\n<meta name=\"description\" content=\"Genie\u00dfen Sie Ihren Urlaub im Chiemgau oder Besuchen sie unser Restaurant - Erholung in bayerischer Tradition\" \/>\n<meta name=\"robots\" content=\"index, follow, max-snippet:-1, max-image-preview:large, max-video-preview:-1\" \/>\n<link rel=\"canonical\" href=\"https:\/\/gasthof-gruber.de\/Gruber24\/freizeit-2\/\" \/>\n<meta property=\"og:locale\" content=\"de_DE\" \/>\n<meta property=\"og:type\" content=\"article\" \/>\n<meta property=\"og:title\" content=\"Gasthof Gruber - Urlaub im Chiemgau - Freizeit\" \/>\n<meta property=\"og:description\" content=\"Genie\u00dfen Sie Ihren Urlaub im Chiemgau oder Besuchen sie unser Restaurant - Erholung in bayerischer Tradition\" \/>\n<meta property=\"og:url\" content=\"https:\/\/gasthof-gruber.de\/Gruber24\/freizeit-2\/\" \/>\n<meta property=\"og:site_name\" content=\"Gasthof Gruber\" \/>\n<meta property=\"article:publisher\" content=\"https:\/\/www.facebook.com\/p\/Gasthof-Gruber-100027918356868\/\" \/>\n<meta property=\"article:modified_time\" content=\"2024-04-03T22:32:46+00:00\" \/>\n<meta property=\"og:image\" content=\"https:\/\/gasthof-gruber.de\/Gruber24\/wp-content\/uploads\/2024\/04\/Gruber-Chiemsee.jpg\" \/>\n\t<meta property=\"og:image:width\" content=\"1920\" \/>\n\t<meta property=\"og:image:height\" content=\"1051\" \/>\n\t<meta property=\"og:image:type\" content=\"image\/jpeg\" \/>\n<meta name=\"twitter:card\" content=\"summary_large_image\" \/>\n<meta name=\"twitter:label1\" content=\"Gesch\u00e4tzte Lesezeit\" \/>\n\t<meta name=\"twitter:data1\" content=\"3\u00a0Minuten\" \/>\n<script type=\"application\/ld+json\" class=\"yoast-schema-graph\">{\"@context\":\"https:\\\/\\\/schema.org\",\"@graph\":[{\"@type\":\"WebPage\",\"@id\":\"https:\\\/\\\/gasthof-gruber.de\\\/Gruber24\\\/freizeit-2\\\/\",\"url\":\"https:\\\/\\\/gasthof-gruber.de\\\/Gruber24\\\/freizeit-2\\\/\",\"name\":\"Gasthof Gruber - Urlaub im Chiemgau - Freizeit\",\"isPartOf\":{\"@id\":\"https:\\\/\\\/gasthof-gruber.de\\\/Gruber24\\\/#website\"},\"primaryImageOfPage\":{\"@id\":\"https:\\\/\\\/gasthof-gruber.de\\\/Gruber24\\\/freizeit-2\\\/#primaryimage\"},\"image\":{\"@id\":\"https:\\\/\\\/gasthof-gruber.de\\\/Gruber24\\\/freizeit-2\\\/#primaryimage\"},\"thumbnailUrl\":\"https:\\\/\\\/gasthof-gruber.de\\\/Gruber24\\\/wp-content\\\/uploads\\\/2024\\\/04\\\/Gruber-Chiemsee.jpg\",\"datePublished\":\"2024-04-03T08:14:23+00:00\",\"dateModified\":\"2024-04-03T22:32:46+00:00\",\"description\":\"Genie\u00dfen Sie Ihren Urlaub im Chiemgau oder Besuchen sie unser Restaurant - Erholung in bayerischer Tradition\",\"breadcrumb\":{\"@id\":\"https:\\\/\\\/gasthof-gruber.de\\\/Gruber24\\\/freizeit-2\\\/#breadcrumb\"},\"inLanguage\":\"de\",\"potentialAction\":[{\"@type\":\"ReadAction\",\"target\":[\"https:\\\/\\\/gasthof-gruber.de\\\/Gruber24\\\/freizeit-2\\\/\"]}]},{\"@type\":\"ImageObject\",\"inLanguage\":\"de\",\"@id\":\"https:\\\/\\\/gasthof-gruber.de\\\/Gruber24\\\/freizeit-2\\\/#primaryimage\",\"url\":\"https:\\\/\\\/gasthof-gruber.de\\\/Gruber24\\\/wp-content\\\/uploads\\\/2024\\\/04\\\/Gruber-Chiemsee.jpg\",\"contentUrl\":\"https:\\\/\\\/gasthof-gruber.de\\\/Gruber24\\\/wp-content\\\/uploads\\\/2024\\\/04\\\/Gruber-Chiemsee.jpg\",\"width\":1920,\"height\":1051},{\"@type\":\"BreadcrumbList\",\"@id\":\"https:\\\/\\\/gasthof-gruber.de\\\/Gruber24\\\/freizeit-2\\\/#breadcrumb\",\"itemListElement\":[{\"@type\":\"ListItem\",\"position\":1,\"name\":\"Startseite\",\"item\":\"https:\\\/\\\/gasthof-gruber.de\\\/Gruber24\\\/\"},{\"@type\":\"ListItem\",\"position\":2,\"name\":\"Freizeit\"}]},{\"@type\":\"WebSite\",\"@id\":\"https:\\\/\\\/gasthof-gruber.de\\\/Gruber24\\\/#website\",\"url\":\"https:\\\/\\\/gasthof-gruber.de\\\/Gruber24\\\/\",\"name\":\"Gasthof Gruber\",\"description\":\"Urlaub im Chiemgau\",\"publisher\":{\"@id\":\"https:\\\/\\\/gasthof-gruber.de\\\/Gruber24\\\/#organization\"},\"potentialAction\":[{\"@type\":\"SearchAction\",\"target\":{\"@type\":\"EntryPoint\",\"urlTemplate\":\"https:\\\/\\\/gasthof-gruber.de\\\/Gruber24\\\/?s={search_term_string}\"},\"query-input\":{\"@type\":\"PropertyValueSpecification\",\"valueRequired\":true,\"valueName\":\"search_term_string\"}}],\"inLanguage\":\"de\"},{\"@type\":\"Organization\",\"@id\":\"https:\\\/\\\/gasthof-gruber.de\\\/Gruber24\\\/#organization\",\"name\":\"Gasthof Gruber\",\"url\":\"https:\\\/\\\/gasthof-gruber.de\\\/Gruber24\\\/\",\"logo\":{\"@type\":\"ImageObject\",\"inLanguage\":\"de\",\"@id\":\"https:\\\/\\\/gasthof-gruber.de\\\/Gruber24\\\/#\\\/schema\\\/logo\\\/image\\\/\",\"url\":\"https:\\\/\\\/gasthof-gruber.de\\\/Gruber24\\\/wp-content\\\/uploads\\\/2024\\\/04\\\/logo-Gruber-schwarz.png\",\"contentUrl\":\"https:\\\/\\\/gasthof-gruber.de\\\/Gruber24\\\/wp-content\\\/uploads\\\/2024\\\/04\\\/logo-Gruber-schwarz.png\",\"width\":2031,\"height\":535,\"caption\":\"Gasthof Gruber\"},\"image\":{\"@id\":\"https:\\\/\\\/gasthof-gruber.de\\\/Gruber24\\\/#\\\/schema\\\/logo\\\/image\\\/\"},\"sameAs\":[\"https:\\\/\\\/www.facebook.com\\\/p\\\/Gasthof-Gruber-100027918356868\\\/\",\"https:\\\/\\\/www.instagram.com\\\/gasthofgruber\\\/\"]}]}<\/script>\n<!-- \/ Yoast SEO plugin. -->","yoast_head_json":{"title":"Gasthof Gruber - Urlaub im Chiemgau - Freizeit","description":"Genie\u00dfen Sie Ihren Urlaub im Chiemgau oder Besuchen sie unser Restaurant - Erholung in bayerischer Tradition","robots":{"index":"index","follow":"follow","max-snippet":"max-snippet:-1","max-image-preview":"max-image-preview:large","max-video-preview":"max-video-preview:-1"},"canonical":"https:\/\/gasthof-gruber.de\/Gruber24\/freizeit-2\/","og_locale":"de_DE","og_type":"article","og_title":"Gasthof Gruber - Urlaub im Chiemgau - Freizeit","og_description":"Genie\u00dfen Sie Ihren Urlaub im Chiemgau oder Besuchen sie unser Restaurant - Erholung in bayerischer Tradition","og_url":"https:\/\/gasthof-gruber.de\/Gruber24\/freizeit-2\/","og_site_name":"Gasthof Gruber","article_publisher":"https:\/\/www.facebook.com\/p\/Gasthof-Gruber-100027918356868\/","article_modified_time":"2024-04-03T22:32:46+00:00","og_image":[{"width":1920,"height":1051,"url":"https:\/\/gasthof-gruber.de\/Gruber24\/wp-content\/uploads\/2024\/04\/Gruber-Chiemsee.jpg","type":"image\/jpeg"}],"twitter_card":"summary_large_image","twitter_misc":{"Gesch\u00e4tzte Lesezeit":"3\u00a0Minuten"},"schema":{"@context":"https:\/\/schema.org","@graph":[{"@type":"WebPage","@id":"https:\/\/gasthof-gruber.de\/Gruber24\/freizeit-2\/","url":"https:\/\/gasthof-gruber.de\/Gruber24\/freizeit-2\/","name":"Gasthof Gruber - Urlaub im Chiemgau - Freizeit","isPartOf":{"@id":"https:\/\/gasthof-gruber.de\/Gruber24\/#website"},"primaryImageOfPage":{"@id":"https:\/\/gasthof-gruber.de\/Gruber24\/freizeit-2\/#primaryimage"},"image":{"@id":"https:\/\/gasthof-gruber.de\/Gruber24\/freizeit-2\/#primaryimage"},"thumbnailUrl":"https:\/\/gasthof-gruber.de\/Gruber24\/wp-content\/uploads\/2024\/04\/Gruber-Chiemsee.jpg","datePublished":"2024-04-03T08:14:23+00:00","dateModified":"2024-04-03T22:32:46+00:00","description":"Genie\u00dfen Sie Ihren Urlaub im Chiemgau oder Besuchen sie unser Restaurant - Erholung in bayerischer Tradition","breadcrumb":{"@id":"https:\/\/gasthof-gruber.de\/Gruber24\/freizeit-2\/#breadcrumb"},"inLanguage":"de","potentialAction":[{"@type":"ReadAction","target":["https:\/\/gasthof-gruber.de\/Gruber24\/freizeit-2\/"]}]},{"@type":"ImageObject","inLanguage":"de","@id":"https:\/\/gasthof-gruber.de\/Gruber24\/freizeit-2\/#primaryimage","url":"https:\/\/gasthof-gruber.de\/Gruber24\/wp-content\/uploads\/2024\/04\/Gruber-Chiemsee.jpg","contentUrl":"https:\/\/gasthof-gruber.de\/Gruber24\/wp-content\/uploads\/2024\/04\/Gruber-Chiemsee.jpg","width":1920,"height":1051},{"@type":"BreadcrumbList","@id":"https:\/\/gasthof-gruber.de\/Gruber24\/freizeit-2\/#breadcrumb","itemListElement":[{"@type":"ListItem","position":1,"name":"Startseite","item":"https:\/\/gasthof-gruber.de\/Gruber24\/"},{"@type":"ListItem","position":2,"name":"Freizeit"}]},{"@type":"WebSite","@id":"https:\/\/gasthof-gruber.de\/Gruber24\/#website","url":"https:\/\/gasthof-gruber.de\/Gruber24\/","name":"Gasthof Gruber","description":"Urlaub im Chiemgau","publisher":{"@id":"https:\/\/gasthof-gruber.de\/Gruber24\/#organization"},"potentialAction":[{"@type":"SearchAction","target":{"@type":"EntryPoint","urlTemplate":"https:\/\/gasthof-gruber.de\/Gruber24\/?s={search_term_string}"},"query-input":{"@type":"PropertyValueSpecification","valueRequired":true,"valueName":"search_term_string"}}],"inLanguage":"de"},{"@type":"Organization","@id":"https:\/\/gasthof-gruber.de\/Gruber24\/#organization","name":"Gasthof Gruber","url":"https:\/\/gasthof-gruber.de\/Gruber24\/","logo":{"@type":"ImageObject","inLanguage":"de","@id":"https:\/\/gasthof-gruber.de\/Gruber24\/#\/schema\/logo\/image\/","url":"https:\/\/gasthof-gruber.de\/Gruber24\/wp-content\/uploads\/2024\/04\/logo-Gruber-schwarz.png","contentUrl":"https:\/\/gasthof-gruber.de\/Gruber24\/wp-content\/uploads\/2024\/04\/logo-Gruber-schwarz.png","width":2031,"height":535,"caption":"Gasthof Gruber"},"image":{"@id":"https:\/\/gasthof-gruber.de\/Gruber24\/#\/schema\/logo\/image\/"},"sameAs":["https:\/\/www.facebook.com\/p\/Gasthof-Gruber-100027918356868\/","https:\/\/www.instagram.com\/gasthofgruber\/"]}]}},"_links":{"self":[{"href":"https:\/\/gasthof-gruber.de\/Gruber24\/wp-json\/wp\/v2\/pages\/116","targetHints":{"allow":["GET"]}}],"collection":[{"href":"https:\/\/gasthof-gruber.de\/Gruber24\/wp-json\/wp\/v2\/pages"}],"about":[{"href":"https:\/\/gasthof-gruber.de\/Gruber24\/wp-json\/wp\/v2\/types\/page"}],"author":[{"embeddable":true,"href":"https:\/\/gasthof-gruber.de\/Gruber24\/wp-json\/wp\/v2\/users\/1"}],"replies":[{"embeddable":true,"href":"https:\/\/gasthof-gruber.de\/Gruber24\/wp-json\/wp\/v2\/comments?post=116"}],"version-history":[{"count":3,"href":"https:\/\/gasthof-gruber.de\/Gruber24\/wp-json\/wp\/v2\/pages\/116\/revisions"}],"predecessor-version":[{"id":127,"href":"https:\/\/gasthof-gruber.de\/Gruber24\/wp-json\/wp\/v2\/pages\/116\/revisions\/127"}],"wp:featuredmedia":[{"embeddable":true,"href":"https:\/\/gasthof-gruber.de\/Gruber24\/wp-json\/wp\/v2\/media\/117"}],"wp:attachment":[{"href":"https:\/\/gasthof-gruber.de\/Gruber24\/wp-json\/wp\/v2\/media?parent=116"}],"curies":[{"name":"wp","href":"https:\/\/api.w.org\/{rel}","templated":true}]}}